{"id":859,"date":"2024-10-17T21:47:10","date_gmt":"2024-10-18T00:47:10","guid":{"rendered":"http:\/\/localhost\/juridico\/about\/"},"modified":"2026-03-01T22:54:28","modified_gmt":"2026-03-02T01:54:28","slug":"nosotros","status":"publish","type":"page","link":"https:\/\/altum-web.com\/demos\/juridico\/nosotros\/","title":{"rendered":"Nosotros"},"content":{"rendered":"\n<div class=\"wp-block-uagb-container uagb-block-7665bf79 alignfull uagb-is-root-container\"><div class=\"uagb-container-inner-blocks-wrap\">\n<div class=\"wp-block-columns is-layout-flex wp-container-core-columns-is-layout-28f84493 wp-block-columns-is-layout-flex\">\n<div class=\"wp-block-column is-layout-flow wp-block-column-is-layout-flow\" style=\"flex-basis:100%\">\n<div class=\"wp-block-uagb-info-box uagb-block-1cf3f323 uagb-infobox__content-wrap  uagb-infobox-icon-above-title uagb-infobox-image-valign-top\"><div class=\"uagb-ifb-content\"><div class=\"uagb-ifb-title-wrap\"><h6 class=\"uagb-ifb-title-prefix\">quienes somos<\/h6><h1 class=\"uagb-ifb-title\">Nosotros<\/h1><\/div><p class=\"uagb-ifb-desc\">Creemos en el poder del trabajo en equipo como la mejor manera de canalizar las fuerzas individuales y lograr un desempe\u00f1o \u00f3ptimo, eficiente y productivo.<\/p><\/div><\/div>\n<\/div>\n<\/div>\n<\/div><\/div>\n\n\n\n<div class=\"wp-block-uagb-container uagb-block-91e0d4ac alignfull uagb-is-root-container\"><div class=\"uagb-container-inner-blocks-wrap\">\n<div class=\"wp-block-uagb-container uagb-block-ecabed0e\">\n<div class=\"wp-block-uagb-info-box uagb-block-6999755e uagb-infobox__content-wrap  uagb-infobox-icon-above-title uagb-infobox-image-valign-top wp-block-uagb-info-box--has-margin\"><div class=\"uagb-infobox-margin-wrapper\"><div class=\"uagb-ifb-content\"><div class=\"uagb-ifb-title-wrap\"><h6 class=\"uagb-ifb-title-prefix\"><strong>EXCEPTIONAL SERVICE\u200b<\/strong><\/h6><h3 class=\"uagb-ifb-title\">Estudio Juridico Integral<\/h3><\/div><\/div><\/div><\/div>\n\n\n\n<div class=\"wp-block-uagb-info-box uagb-block-da9f5b1b uagb-infobox__content-wrap  uagb-infobox-icon-above-title uagb-infobox-image-valign-top wp-block-uagb-info-box--has-margin\"><div class=\"uagb-infobox-margin-wrapper\"><div class=\"uagb-ifb-content\"><div class=\"uagb-ifb-title-wrap\"><h5 class=\"uagb-ifb-title\">Focus Your Time and Efforts on Running Your Business and Leave the Accounting to Me<\/h5><\/div><p class=\"uagb-ifb-desc\">Formamos parte de un Estudio familiar ubicado desde&nbsp;<strong>hace 50 a\u00f1os<\/strong>&nbsp;en la calle Moreno N\u00b0 582 de Quilmes.<br>La honestidad, la transparencia y la equidad son los pilares sobre los que se asienta el trabajo responsable, la actualizaci\u00f3n permanente y el estudio a conciencia de cada caso particular.<br><br>Sabemos que&nbsp;<strong>no atendemos clientes. Atendemos personas<\/strong>. Personas con dificultades, conflictos, padecimientos y angustias. El ser humano es el eje central de nuestra actuaci\u00f3n profesional y hacia \u00e9l o ella va dirigido nuestro esfuerzo, con un trato c\u00e1lido, cordial y pronta respuesta<\/p><\/div><\/div><\/div>\n<\/div>\n\n\n\n<div class=\"wp-block-uagb-image uagb-block-43d77156 wp-block-uagb-image--layout-default wp-block-uagb-image--effect-static wp-block-uagb-image--align-none\" style=\"border-radius:8px\"><figure class=\"wp-block-uagb-image__figure\"><img decoding=\"async\" srcset=\"https:\/\/altum-web.com\/demos\/juridico\/wp-content\/uploads\/2026\/03\/imgi_2_team.jpg ,https:\/\/altum-web.com\/demos\/juridico\/wp-content\/uploads\/2026\/03\/imgi_2_team.jpg 780w, https:\/\/altum-web.com\/demos\/juridico\/wp-content\/uploads\/2026\/03\/imgi_2_team.jpg 360w\" sizes=\"auto, (max-width: 480px) 150px\" src=\"https:\/\/altum-web.com\/demos\/juridico\/wp-content\/uploads\/2026\/03\/imgi_2_team.jpg\" alt=\"\" class=\"uag-image-1103\" width=\"640\" height=\"426\" title=\"imgi_2_team\" loading=\"lazy\" role=\"img\"\/><\/figure><\/div>\n<\/div><\/div>\n\n\n\n<div class=\"wp-block-uagb-container uagb-layout-grid uagb-block-3b6c3d94 alignfull uagb-is-root-container\"><div class=\"uagb-container-inner-blocks-wrap\">\n<div class=\"wp-block-uagb-info-box uagb-block-2a32127b uagb-infobox__content-wrap  uagb-infobox-icon-above-title uagb-infobox-image-valign-top wp-block-uagb-info-box--has-margin\"><div class=\"uagb-infobox-margin-wrapper\"><div class=\"uagb-ifb-content\"><div class=\"uagb-ifb-title-wrap\"><h6 class=\"uagb-ifb-title-prefix\"><strong><strong>NUESTRO VALOR AGREGADO<\/strong><\/strong><\/h6><h3 class=\"uagb-ifb-title\">Eficacia, profesionalismo y 50 a\u00f1os de experiencia avalan nuestro Estudio Jur\u00eddico<\/h3><\/div><\/div><\/div><\/div>\n\n\n\n<div class=\"wp-block-uagb-info-box uagb-block-fff228d6 uagb-infobox__content-wrap  uagb-infobox-icon-above-title uagb-infobox-image-valign-top wp-block-uagb-info-box--has-margin\"><div class=\"uagb-infobox-margin-wrapper\"><div class=\"uagb-ifb-content\"><div class=\"uagb-ifb-title-wrap\"><p class=\"uagb-ifb-title\">Nuestro \u00e1mbito de actuaci\u00f3n profesional es en los Departamentos Judiciales de Quilmes (que comprende Quilmes, Berazategui y Florencio Varela) y de la Ciudad Aut\u00f3noma de Buenos Aires.<br><br>Nacimos en Quilmes, fuimos parte del proceso de creaci\u00f3n y crecimiento de este Departamento Judicial, y profesamos un profundo amor hacia nuestra ciudad. Afecto que volcamos en el intenso compromiso por la defensa de los derechos de sus habitantes.<\/p><\/div><\/div><\/div><\/div>\n<\/div><\/div>\n\n\n","protected":false},"excerpt":{"rendered":"","protected":false},"author":1,"featured_media":0,"parent":0,"menu_order":0,"comment_status":"closed","ping_status":"closed","template":"","meta":{"_uag_custom_page_level_css":"","site-sidebar-layout":"no-sidebar","site-content-layout":"plain-container","ast-site-content-layout":"full-width-container","site-content-style":"unboxed","site-sidebar-style":"unboxed","ast-global-header-display":"","ast-banner-title-visibility":"","ast-main-header-display":"","ast-hfb-above-header-display":"","ast-hfb-below-header-display":"","ast-hfb-mobile-header-display":"","site-post-title":"disabled","ast-breadcrumbs-content":"","ast-featured-img":"disabled","footer-sml-layout":"","theme-transparent-header-meta":"enabled","adv-header-id-meta":"","stick-header-meta":"","header-above-stick-meta":"","header-main-stick-meta":"","header-below-stick-meta":"","astra-migrate-meta-layouts":"set","ast-page-background-enabled":"default","ast-page-background-meta":{"desktop":{"background-color":"","background-image":"","background-repeat":"repeat","background-position":"center center","background-size":"auto","background-attachment":"scroll","background-type":"","background-media":"","overlay-type":"","overlay-color":"","overlay-opacity":"","overlay-gradient":""},"tablet":{"background-color":"","background-image":"","background-repeat":"repeat","background-position":"center center","background-size":"auto","background-attachment":"scroll","background-type":"","background-media":"","overlay-type":"","overlay-color":"","overlay-opacity":"","overlay-gradient":""},"mobile":{"background-color":"","background-image":"","background-repeat":"repeat","background-position":"center center","background-size":"auto","background-attachment":"scroll","background-type":"","background-media":"","overlay-type":"","overlay-color":"","overlay-opacity":"","overlay-gradient":""}},"ast-content-background-meta":{"desktop":{"background-color":"var(--ast-global-color-5)","background-image":"","background-repeat":"repeat","background-position":"center center","background-size":"auto","background-attachment":"scroll","background-type":"","background-media":"","overlay-type":"","overlay-color":"","overlay-opacity":"","overlay-gradient":""},"tablet":{"background-color":"var(--ast-global-color-5)","background-image":"","background-repeat":"repeat","background-position":"center center","background-size":"auto","background-attachment":"scroll","background-type":"","background-media":"","overlay-type":"","overlay-color":"","overlay-opacity":"","overlay-gradient":""},"mobile":{"background-color":"var(--ast-global-color-5)","background-image":"","background-repeat":"repeat","background-position":"center center","background-size":"auto","background-attachment":"scroll","background-type":"","background-media":"","overlay-type":"","overlay-color":"","overlay-opacity":"","overlay-gradient":""}},"_joinchat":[],"footnotes":""},"class_list":["post-859","page","type-page","status-publish","hentry"],"uagb_featured_image_src":{"full":false,"thumbnail":false,"medium":false,"medium_large":false,"large":false,"1536x1536":false,"2048x2048":false},"uagb_author_info":{"display_name":"admin","author_link":"https:\/\/altum-web.com\/demos\/juridico\/author\/admin\/"},"uagb_comment_info":0,"uagb_excerpt":null,"_links":{"self":[{"href":"https:\/\/altum-web.com\/demos\/juridico\/wp-json\/wp\/v2\/pages\/859","targetHints":{"allow":["GET"]}}],"collection":[{"href":"https:\/\/altum-web.com\/demos\/juridico\/wp-json\/wp\/v2\/pages"}],"about":[{"href":"https:\/\/altum-web.com\/demos\/juridico\/wp-json\/wp\/v2\/types\/page"}],"author":[{"embeddable":true,"href":"https:\/\/altum-web.com\/demos\/juridico\/wp-json\/wp\/v2\/users\/1"}],"replies":[{"embeddable":true,"href":"https:\/\/altum-web.com\/demos\/juridico\/wp-json\/wp\/v2\/comments?post=859"}],"version-history":[{"count":4,"href":"https:\/\/altum-web.com\/demos\/juridico\/wp-json\/wp\/v2\/pages\/859\/revisions"}],"predecessor-version":[{"id":1104,"href":"https:\/\/altum-web.com\/demos\/juridico\/wp-json\/wp\/v2\/pages\/859\/revisions\/1104"}],"wp:attachment":[{"href":"https:\/\/altum-web.com\/demos\/juridico\/wp-json\/wp\/v2\/media?parent=859"}],"curies":[{"name":"wp","href":"https:\/\/api.w.org\/{rel}","templated":true}]}}